{"id":265,"date":"2022-12-18T16:22:38","date_gmt":"2022-12-18T15:22:38","guid":{"rendered":"https:\/\/www.spanyolkaland.hu\/?page_id=265"},"modified":"2023-02-08T09:21:03","modified_gmt":"2023-02-08T08:21:03","slug":"adatvedelmi-tajekoztato","status":"publish","type":"page","link":"https:\/\/www.spanyolkaland.hu\/en\/adatvedelmi-tajekoztato\/","title":{"rendered":"Privacy Policy"},"content":{"rendered":"","protected":false},"excerpt":{"rendered":"","protected":false},"author":2,"featured_media":0,"parent":0,"menu_order":0,"comment_status":"closed","ping_status":"closed","template":"","meta":{"_monsterinsights_skip_tracking":false,"_monsterinsights_sitenote_active":false,"_monsterinsights_sitenote_note":"","_monsterinsights_sitenote_category":0,"footnotes":""},"yoast_head":"<!-- This site is optimized with the Yoast SEO Premium plugin v20.13 (Yoast SEO v20.13) - https:\/\/yoast.com\/wordpress\/plugins\/seo\/ -->\n<title>Adatv\u00e9delmi t\u00e1j\u00e9koztat\u00f3 - Spanyol Kaland<\/title>\n<meta name=\"robots\" content=\"noindex, follow\" \/>\n<meta property=\"og:locale\" content=\"en_GB\" \/>\n<meta property=\"og:type\" content=\"article\" \/>\n<meta property=\"og:title\" content=\"Adatv\u00e9delmi t\u00e1j\u00e9koztat\u00f3\" \/>\n<meta property=\"og:url\" content=\"https:\/\/www.spanyolkaland.hu\/en\/adatvedelmi-tajekoztato\/\" \/>\n<meta property=\"og:site_name\" content=\"Spanyol Kaland\" \/>\n<meta property=\"article:publisher\" content=\"https:\/\/www.facebook.com\/spanyolkaland\" \/>\n<meta property=\"article:modified_time\" content=\"2023-02-08T08:21:03+00:00\" \/>\n<meta property=\"og:image\" content=\"https:\/\/www.spanyolkaland.hu\/wp-content\/uploads\/2023\/02\/3.png\" \/>\n\t<meta property=\"og:image:width\" content=\"1640\" \/>\n\t<meta property=\"og:image:height\" content=\"924\" \/>\n\t<meta property=\"og:image:type\" content=\"image\/png\" \/>\n<meta name=\"twitter:card\" content=\"summary_large_image\" \/>\n<script type=\"application\/ld+json\" class=\"yoast-schema-graph\">{\"@context\":\"https:\/\/schema.org\",\"@graph\":[{\"@type\":\"WebPage\",\"@id\":\"https:\/\/www.spanyolkaland.hu\/adatvedelmi-tajekoztato\/\",\"url\":\"https:\/\/www.spanyolkaland.hu\/adatvedelmi-tajekoztato\/\",\"name\":\"Adatv\u00e9delmi t\u00e1j\u00e9koztat\u00f3 - Spanyol Kaland\",\"isPartOf\":{\"@id\":\"https:\/\/www.spanyolkaland.hu\/#website\"},\"datePublished\":\"2022-12-18T15:22:38+00:00\",\"dateModified\":\"2023-02-08T08:21:03+00:00\",\"breadcrumb\":{\"@id\":\"https:\/\/www.spanyolkaland.hu\/adatvedelmi-tajekoztato\/#breadcrumb\"},\"inLanguage\":\"en-GB\",\"potentialAction\":[{\"@type\":\"ReadAction\",\"target\":[\"https:\/\/www.spanyolkaland.hu\/adatvedelmi-tajekoztato\/\"]}]},{\"@type\":\"BreadcrumbList\",\"@id\":\"https:\/\/www.spanyolkaland.hu\/adatvedelmi-tajekoztato\/#breadcrumb\",\"itemListElement\":[{\"@type\":\"ListItem\",\"position\":1,\"name\":\"Kezd\u0151lap\",\"item\":\"https:\/\/www.spanyolkaland.hu\/\"},{\"@type\":\"ListItem\",\"position\":2,\"name\":\"Adatv\u00e9delmi t\u00e1j\u00e9koztat\u00f3\"}]},{\"@type\":\"WebSite\",\"@id\":\"https:\/\/www.spanyolkaland.hu\/#website\",\"url\":\"https:\/\/www.spanyolkaland.hu\/\",\"name\":\"Spanyol Kaland\",\"description\":\"Nyelvi \u00e9s \u00e9lm\u00e9nyt\u00e1borok Spanyolorsz\u00e1gban Nicoleta Ormenisannal\",\"potentialAction\":[{\"@type\":\"SearchAction\",\"target\":{\"@type\":\"EntryPoint\",\"urlTemplate\":\"https:\/\/www.spanyolkaland.hu\/?s={search_term_string}\"},\"query-input\":\"required name=search_term_string\"}],\"inLanguage\":\"en-GB\"}]}<\/script>\n<!-- \/ Yoast SEO Premium plugin. -->","yoast_head_json":{"title":"Adatv\u00e9delmi t\u00e1j\u00e9koztat\u00f3 - Spanyol Kaland","robots":{"index":"noindex","follow":"follow"},"og_locale":"en_GB","og_type":"article","og_title":"Adatv\u00e9delmi t\u00e1j\u00e9koztat\u00f3","og_url":"https:\/\/www.spanyolkaland.hu\/en\/adatvedelmi-tajekoztato\/","og_site_name":"Spanyol Kaland","article_publisher":"https:\/\/www.facebook.com\/spanyolkaland","article_modified_time":"2023-02-08T08:21:03+00:00","og_image":[{"width":1640,"height":924,"url":"https:\/\/www.spanyolkaland.hu\/wp-content\/uploads\/2023\/02\/3.png","type":"image\/png"}],"twitter_card":"summary_large_image","schema":{"@context":"https:\/\/schema.org","@graph":[{"@type":"WebPage","@id":"https:\/\/www.spanyolkaland.hu\/adatvedelmi-tajekoztato\/","url":"https:\/\/www.spanyolkaland.hu\/adatvedelmi-tajekoztato\/","name":"Adatv\u00e9delmi t\u00e1j\u00e9koztat\u00f3 - Spanyol Kaland","isPartOf":{"@id":"https:\/\/www.spanyolkaland.hu\/#website"},"datePublished":"2022-12-18T15:22:38+00:00","dateModified":"2023-02-08T08:21:03+00:00","breadcrumb":{"@id":"https:\/\/www.spanyolkaland.hu\/adatvedelmi-tajekoztato\/#breadcrumb"},"inLanguage":"en-GB","potentialAction":[{"@type":"ReadAction","target":["https:\/\/www.spanyolkaland.hu\/adatvedelmi-tajekoztato\/"]}]},{"@type":"BreadcrumbList","@id":"https:\/\/www.spanyolkaland.hu\/adatvedelmi-tajekoztato\/#breadcrumb","itemListElement":[{"@type":"ListItem","position":1,"name":"Kezd\u0151lap","item":"https:\/\/www.spanyolkaland.hu\/"},{"@type":"ListItem","position":2,"name":"Adatv\u00e9delmi t\u00e1j\u00e9koztat\u00f3"}]},{"@type":"WebSite","@id":"https:\/\/www.spanyolkaland.hu\/#website","url":"https:\/\/www.spanyolkaland.hu\/","name":"Spanyol Kaland","description":"Nyelvi \u00e9s \u00e9lm\u00e9nyt\u00e1borok Spanyolorsz\u00e1gban Nicoleta Ormenisannal","potentialAction":[{"@type":"SearchAction","target":{"@type":"EntryPoint","urlTemplate":"https:\/\/www.spanyolkaland.hu\/?s={search_term_string}"},"query-input":"required name=search_term_string"}],"inLanguage":"en-GB"}]}},"_links":{"self":[{"href":"https:\/\/www.spanyolkaland.hu\/en\/wp-json\/wp\/v2\/pages\/265"}],"collection":[{"href":"https:\/\/www.spanyolkaland.hu\/en\/wp-json\/wp\/v2\/pages"}],"about":[{"href":"https:\/\/www.spanyolkaland.hu\/en\/wp-json\/wp\/v2\/types\/page"}],"author":[{"embeddable":true,"href":"https:\/\/www.spanyolkaland.hu\/en\/wp-json\/wp\/v2\/users\/2"}],"replies":[{"embeddable":true,"href":"https:\/\/www.spanyolkaland.hu\/en\/wp-json\/wp\/v2\/comments?post=265"}],"version-history":[{"count":4,"href":"https:\/\/www.spanyolkaland.hu\/en\/wp-json\/wp\/v2\/pages\/265\/revisions"}],"predecessor-version":[{"id":269,"href":"https:\/\/www.spanyolkaland.hu\/en\/wp-json\/wp\/v2\/pages\/265\/revisions\/269"}],"wp:attachment":[{"href":"https:\/\/www.spanyolkaland.hu\/en\/wp-json\/wp\/v2\/media?parent=265"}],"curies":[{"name":"wp","href":"https:\/\/api.w.org\/{rel}","templated":true}]}}